{"id":657,"date":"2023-01-22T22:32:42","date_gmt":"2023-01-22T22:32:42","guid":{"rendered":"https:\/\/xn--iglesianocaimanuestraseora-3rc.com\/?page_id=657"},"modified":"2024-07-22T16:17:55","modified_gmt":"2024-07-22T16:17:55","slug":"sacramentos","status":"publish","type":"page","link":"https:\/\/xn--iglesianocaimanuestraseora-3rc.com\/index.php\/sacramentos\/","title":{"rendered":"Sacramentos"},"content":{"rendered":"\t\t<div data-elementor-type=\"wp-page\" data-elementor-id=\"657\" class=\"elementor elementor-657\">\n\t\t\t\t\t\t<section class=\"elementor-section elementor-top-section elementor-element elementor-element-80a505a elementor-section-boxed elementor-section-height-default elementor-section-height-default\" data-id=\"80a505a\" data-element_type=\"section\" data-e-type=\"section\">\n\t\t\t\t\t\t<div class=\"elementor-container elementor-column-gap-default\">\n\t\t\t\t\t<div class=\"elementor-column elementor-col-50 elementor-top-column elementor-element elementor-element-28885b8\" data-id=\"28885b8\" data-element_type=\"column\" data-e-type=\"column\">\n\t\t\t<div class=\"elementor-widget-wrap elementor-element-populated\">\n\t\t\t\t\t\t<div class=\"elementor-element elementor-element-c5d805d elementor-widget elementor-widget-heading\" data-id=\"c5d805d\" data-element_type=\"widget\" data-e-type=\"widget\" data-widget_type=\"heading.default\">\n\t\t\t\t<div class=\"elementor-widget-container\">\n\t\t\t\t\t<h2 class=\"elementor-heading-title elementor-size-default\">BAUTISMO<\/h2>\t\t\t\t<\/div>\n\t\t\t\t<\/div>\n\t\t\t\t<div class=\"elementor-element elementor-element-3ac33ec elementor-widget elementor-widget-text-editor\" data-id=\"3ac33ec\" data-element_type=\"widget\" data-e-type=\"widget\" data-widget_type=\"text-editor.default\">\n\t\t\t\t<div class=\"elementor-widget-container\">\n\t\t\t\t\t\t\t\t\t<p><span style=\"color: #000000;\"><b>Celebraci\u00f3n<\/b><\/span><strong><span style=\"color: #000000;\">&nbsp;:<\/span>&nbsp;<\/strong>&nbsp;Primer s\u00e1bado de mes a las 10:00 am<br><span><span style=\"color: #000000;\"><b>Preparaci\u00f3n&nbsp;:<\/b><\/span><\/span>&nbsp;Ultimo s\u00e1bado de mes a las 10:00 am<br><span style=\"color: #000000;\"><span style=\"color: #000000;\"><b>Inscripci\u00f3n:&nbsp;<br><a href=\"https:\/\/www.aciprensa.com\/moral\/sacramentos.htm\">Preguntas Frecuentes<\/a><\/b><\/span><\/span><\/p>\t\t\t\t\t\t\t\t<\/div>\n\t\t\t\t<\/div>\n\t\t\t\t\t<\/div>\n\t\t<\/div>\n\t\t\t\t<div class=\"elementor-column elementor-col-50 elementor-top-column elementor-element elementor-element-f1fd138\" data-id=\"f1fd138\" data-element_type=\"column\" data-e-type=\"column\">\n\t\t\t<div class=\"elementor-widget-wrap elementor-element-populated\">\n\t\t\t\t\t\t<div class=\"elementor-element elementor-element-b3019d0 elementor-widget elementor-widget-video\" data-id=\"b3019d0\" data-element_type=\"widget\" data-e-type=\"widget\" data-settings=\"{&quot;youtube_url&quot;:&quot;https:\\\/\\\/www.youtube.com\\\/watch?v=0rvuJuWhJdg&amp;ab_channel=AlexanderCadena&quot;,&quot;video_type&quot;:&quot;youtube&quot;,&quot;controls&quot;:&quot;yes&quot;}\" data-widget_type=\"video.default\">\n\t\t\t\t<div class=\"elementor-widget-container\">\n\t\t\t\t\t\t\t<div class=\"elementor-wrapper elementor-open-inline\">\n\t\t\t<div class=\"elementor-video\"><\/div>\t\t<\/div>\n\t\t\t\t\t\t<\/div>\n\t\t\t\t<\/div>\n\t\t\t\t\t<\/div>\n\t\t<\/div>\n\t\t\t\t\t<\/div>\n\t\t<\/section>\n\t\t\t\t<section class=\"elementor-section elementor-top-section elementor-element elementor-element-4c17328 elementor-section-boxed elementor-section-height-default elementor-section-height-default\" data-id=\"4c17328\" data-element_type=\"section\" data-e-type=\"section\">\n\t\t\t\t\t\t<div class=\"elementor-container elementor-column-gap-default\">\n\t\t\t\t\t<div class=\"elementor-column elementor-col-100 elementor-top-column elementor-element elementor-element-84294b5\" data-id=\"84294b5\" data-element_type=\"column\" data-e-type=\"column\">\n\t\t\t<div class=\"elementor-widget-wrap elementor-element-populated\">\n\t\t\t\t\t\t<div class=\"elementor-element elementor-element-c3d8a30 elementor-widget elementor-widget-spacer\" data-id=\"c3d8a30\" data-element_type=\"widget\" data-e-type=\"widget\" data-widget_type=\"spacer.default\">\n\t\t\t\t<div class=\"elementor-widget-container\">\n\t\t\t\t\t\t\t<div class=\"elementor-spacer\">\n\t\t\t<div class=\"elementor-spacer-inner\"><\/div>\n\t\t<\/div>\n\t\t\t\t\t\t<\/div>\n\t\t\t\t<\/div>\n\t\t\t\t\t<\/div>\n\t\t<\/div>\n\t\t\t\t\t<\/div>\n\t\t<\/section>\n\t\t\t\t<section class=\"elementor-section elementor-top-section elementor-element elementor-element-be28df3 elementor-section-boxed elementor-section-height-default elementor-section-height-default\" data-id=\"be28df3\" data-element_type=\"section\" data-e-type=\"section\">\n\t\t\t\t\t\t<div class=\"elementor-container elementor-column-gap-default\">\n\t\t\t\t\t<div class=\"elementor-column elementor-col-50 elementor-top-column elementor-element elementor-element-89b015a\" data-id=\"89b015a\" data-element_type=\"column\" data-e-type=\"column\">\n\t\t\t<div class=\"elementor-widget-wrap elementor-element-populated\">\n\t\t\t\t\t\t<div class=\"elementor-element elementor-element-f1f0b26 elementor-widget elementor-widget-image\" data-id=\"f1f0b26\" data-element_type=\"widget\" data-e-type=\"widget\" data-widget_type=\"image.default\">\n\t\t\t\t<div class=\"elementor-widget-container\">\n\t\t\t\t\t\t\t\t\t\t\t\t\t\t\t\t<a href=\"https:\/\/iglesianocaimanuestrase\u00f1ora.com\/index.php\/primeras-comuniones\/\">\n\t\t\t\t\t\t\t<img fetchpriority=\"high\" decoding=\"async\" width=\"768\" height=\"574\" src=\"https:\/\/xn--iglesianocaimanuestraseora-3rc.com\/wp-content\/uploads\/2023\/01\/Portada-768x574.png\" class=\"attachment-medium_large size-medium_large wp-image-667\" alt=\"\" srcset=\"https:\/\/xn--iglesianocaimanuestraseora-3rc.com\/wp-content\/uploads\/2023\/01\/Portada-768x574.png 768w, https:\/\/xn--iglesianocaimanuestraseora-3rc.com\/wp-content\/uploads\/2023\/01\/Portada-300x224.png 300w, https:\/\/xn--iglesianocaimanuestraseora-3rc.com\/wp-content\/uploads\/2023\/01\/Portada-1024x766.png 1024w, https:\/\/xn--iglesianocaimanuestraseora-3rc.com\/wp-content\/uploads\/2023\/01\/Portada.png 1213w\" sizes=\"100vw\" \/>\t\t\t\t\t\t\t\t<\/a>\n\t\t\t\t\t\t\t\t\t\t\t\t\t\t\t<\/div>\n\t\t\t\t<\/div>\n\t\t\t\t\t<\/div>\n\t\t<\/div>\n\t\t\t\t<div class=\"elementor-column elementor-col-50 elementor-top-column elementor-element elementor-element-fa058ad\" data-id=\"fa058ad\" data-element_type=\"column\" data-e-type=\"column\">\n\t\t\t<div class=\"elementor-widget-wrap elementor-element-populated\">\n\t\t\t\t\t\t<div class=\"elementor-element elementor-element-212ea22 elementor-widget elementor-widget-heading\" data-id=\"212ea22\" data-element_type=\"widget\" data-e-type=\"widget\" data-widget_type=\"heading.default\">\n\t\t\t\t<div class=\"elementor-widget-container\">\n\t\t\t\t\t<h2 class=\"elementor-heading-title elementor-size-default\">PRIMERA COMUNI\u00d3N<\/h2>\t\t\t\t<\/div>\n\t\t\t\t<\/div>\n\t\t\t\t<div class=\"elementor-element elementor-element-b7a56e3 elementor-widget elementor-widget-text-editor\" data-id=\"b7a56e3\" data-element_type=\"widget\" data-e-type=\"widget\" data-widget_type=\"text-editor.default\">\n\t\t\t\t<div class=\"elementor-widget-container\">\n\t\t\t\t\t\t\t\t\t<p><span style=\"color: #000000;\"><b>Catequesis<\/b><\/span><strong><span style=\"color: #000000;\">\u00a0:<\/span>\u00a0<\/strong> Primer y tercer domingo de cada mes de las 10:00 am a 1:00 pm<br \/><span style=\"color: #000000;\"><b>Preparaci\u00f3n\u00a0:<\/b><\/span> $65.000<br \/><span style=\"color: #000000;\"><b>Actualmente : <\/b><\/span>mas de 250 ni\u00f1os y j\u00f3venes<br \/><span style=\"color: #000000;\"><span style=\"color: #000000;\"><b><a href=\"https:\/\/www.aciprensa.com\/moral\/sacramentos.htm\">Preguntas Frecuentes<\/a><\/b><\/span><\/span><\/p>\t\t\t\t\t\t\t\t<\/div>\n\t\t\t\t<\/div>\n\t\t\t\t\t<\/div>\n\t\t<\/div>\n\t\t\t\t\t<\/div>\n\t\t<\/section>\n\t\t\t\t<section class=\"elementor-section elementor-top-section elementor-element elementor-element-4a12b0d elementor-section-boxed elementor-section-height-default elementor-section-height-default\" data-id=\"4a12b0d\" data-element_type=\"section\" data-e-type=\"section\">\n\t\t\t\t\t\t<div class=\"elementor-container elementor-column-gap-default\">\n\t\t\t\t\t<div class=\"elementor-column elementor-col-100 elementor-top-column elementor-element elementor-element-ea2b4a8\" data-id=\"ea2b4a8\" data-element_type=\"column\" data-e-type=\"column\">\n\t\t\t<div class=\"elementor-widget-wrap elementor-element-populated\">\n\t\t\t\t\t\t<div class=\"elementor-element elementor-element-2660b30 elementor-widget elementor-widget-spacer\" data-id=\"2660b30\" data-element_type=\"widget\" data-e-type=\"widget\" data-widget_type=\"spacer.default\">\n\t\t\t\t<div class=\"elementor-widget-container\">\n\t\t\t\t\t\t\t<div class=\"elementor-spacer\">\n\t\t\t<div class=\"elementor-spacer-inner\"><\/div>\n\t\t<\/div>\n\t\t\t\t\t\t<\/div>\n\t\t\t\t<\/div>\n\t\t\t\t\t<\/div>\n\t\t<\/div>\n\t\t\t\t\t<\/div>\n\t\t<\/section>\n\t\t\t\t<section class=\"elementor-section elementor-top-section elementor-element elementor-element-eadc431 elementor-section-boxed elementor-section-height-default elementor-section-height-default\" data-id=\"eadc431\" data-element_type=\"section\" data-e-type=\"section\">\n\t\t\t\t\t\t<div class=\"elementor-container elementor-column-gap-default\">\n\t\t\t\t\t<div class=\"elementor-column elementor-col-50 elementor-top-column elementor-element elementor-element-e291cf9\" data-id=\"e291cf9\" data-element_type=\"column\" data-e-type=\"column\">\n\t\t\t<div class=\"elementor-widget-wrap elementor-element-populated\">\n\t\t\t\t\t\t<div class=\"elementor-element elementor-element-9634ef3 elementor-widget elementor-widget-heading\" data-id=\"9634ef3\" data-element_type=\"widget\" data-e-type=\"widget\" data-widget_type=\"heading.default\">\n\t\t\t\t<div class=\"elementor-widget-container\">\n\t\t\t\t\t<h2 class=\"elementor-heading-title elementor-size-default\">CONFIRMACI\u00d3N<\/h2>\t\t\t\t<\/div>\n\t\t\t\t<\/div>\n\t\t\t\t<div class=\"elementor-element elementor-element-6ab2183 elementor-widget elementor-widget-text-editor\" data-id=\"6ab2183\" data-element_type=\"widget\" data-e-type=\"widget\" data-widget_type=\"text-editor.default\">\n\t\t\t\t<div class=\"elementor-widget-container\">\n\t\t\t\t\t\t\t\t\t<p><span style=\"color: #000000;\"><b>Catequesis<\/b><\/span><strong><span style=\"color: #000000;\">\u00a0:<\/span>\u00a0<\/strong> Segundo y cuarto domingo de cada mes de\u00a0 10:00 am a 1:00 pm<br \/><span style=\"color: #000000;\"><b>Preparaci\u00f3n\u00a0:<\/b><\/span> Es intercalada con una actividad juvenil.<br \/><span style=\"color: #000000;\"><b>Inscripci\u00f3n :<\/b><\/span> $65.000<br \/><span style=\"color: #000000;\"><span style=\"color: #000000;\"><b><a href=\"https:\/\/www.aciprensa.com\/moral\/sacramentos.htm\">Preguntas Frecuentes<\/a><\/b><\/span><\/span><\/p>\t\t\t\t\t\t\t\t<\/div>\n\t\t\t\t<\/div>\n\t\t\t\t\t<\/div>\n\t\t<\/div>\n\t\t\t\t<div class=\"elementor-column elementor-col-50 elementor-top-column elementor-element elementor-element-550f395\" data-id=\"550f395\" data-element_type=\"column\" data-e-type=\"column\">\n\t\t\t<div class=\"elementor-widget-wrap elementor-element-populated\">\n\t\t\t\t\t\t<div class=\"elementor-element elementor-element-728361f elementor-widget elementor-widget-image\" data-id=\"728361f\" data-element_type=\"widget\" data-e-type=\"widget\" data-widget_type=\"image.default\">\n\t\t\t\t<div class=\"elementor-widget-container\">\n\t\t\t\t\t\t\t\t\t\t\t\t\t\t\t<img decoding=\"async\" width=\"950\" height=\"671\" src=\"https:\/\/xn--iglesianocaimanuestraseora-3rc.com\/wp-content\/uploads\/2023\/01\/Confirmacion-1024x723.jpg\" class=\"attachment-large size-large wp-image-675\" alt=\"\" srcset=\"https:\/\/xn--iglesianocaimanuestraseora-3rc.com\/wp-content\/uploads\/2023\/01\/Confirmacion-1024x723.jpg 1024w, https:\/\/xn--iglesianocaimanuestraseora-3rc.com\/wp-content\/uploads\/2023\/01\/Confirmacion-300x212.jpg 300w, https:\/\/xn--iglesianocaimanuestraseora-3rc.com\/wp-content\/uploads\/2023\/01\/Confirmacion-768x542.jpg 768w, https:\/\/xn--iglesianocaimanuestraseora-3rc.com\/wp-content\/uploads\/2023\/01\/Confirmacion.jpg 1280w\" sizes=\"100vw\" \/>\t\t\t\t\t\t\t\t\t\t\t\t\t\t\t<\/div>\n\t\t\t\t<\/div>\n\t\t\t\t\t<\/div>\n\t\t<\/div>\n\t\t\t\t\t<\/div>\n\t\t<\/section>\n\t\t\t\t<section class=\"elementor-section elementor-top-section elementor-element elementor-element-a05584c elementor-section-boxed elementor-section-height-default elementor-section-height-default\" data-id=\"a05584c\" data-element_type=\"section\" data-e-type=\"section\">\n\t\t\t\t\t\t<div class=\"elementor-container elementor-column-gap-default\">\n\t\t\t\t\t<div class=\"elementor-column elementor-col-100 elementor-top-column elementor-element elementor-element-29e28cc\" data-id=\"29e28cc\" data-element_type=\"column\" data-e-type=\"column\">\n\t\t\t<div class=\"elementor-widget-wrap elementor-element-populated\">\n\t\t\t\t\t\t<div class=\"elementor-element elementor-element-d9017aa elementor-widget elementor-widget-spacer\" data-id=\"d9017aa\" data-element_type=\"widget\" data-e-type=\"widget\" data-widget_type=\"spacer.default\">\n\t\t\t\t<div class=\"elementor-widget-container\">\n\t\t\t\t\t\t\t<div class=\"elementor-spacer\">\n\t\t\t<div class=\"elementor-spacer-inner\"><\/div>\n\t\t<\/div>\n\t\t\t\t\t\t<\/div>\n\t\t\t\t<\/div>\n\t\t\t\t\t<\/div>\n\t\t<\/div>\n\t\t\t\t\t<\/div>\n\t\t<\/section>\n\t\t\t\t<section class=\"elementor-section elementor-top-section elementor-element elementor-element-43c783f elementor-section-boxed elementor-section-height-default elementor-section-height-default\" data-id=\"43c783f\" data-element_type=\"section\" data-e-type=\"section\">\n\t\t\t\t\t\t<div class=\"elementor-container elementor-column-gap-default\">\n\t\t\t\t\t<div class=\"elementor-column elementor-col-50 elementor-top-column elementor-element elementor-element-cf33b6d\" data-id=\"cf33b6d\" data-element_type=\"column\" data-e-type=\"column\">\n\t\t\t<div class=\"elementor-widget-wrap elementor-element-populated\">\n\t\t\t\t\t\t<div class=\"elementor-element elementor-element-11b12b5 elementor-widget elementor-widget-image\" data-id=\"11b12b5\" data-element_type=\"widget\" data-e-type=\"widget\" data-widget_type=\"image.default\">\n\t\t\t\t<div class=\"elementor-widget-container\">\n\t\t\t\t\t\t\t\t\t\t\t\t\t\t\t<img decoding=\"async\" width=\"950\" height=\"616\" src=\"https:\/\/xn--iglesianocaimanuestraseora-3rc.com\/wp-content\/uploads\/2022\/12\/Confesiones-1024x664.jpg\" class=\"attachment-large size-large wp-image-36\" alt=\"\" srcset=\"https:\/\/xn--iglesianocaimanuestraseora-3rc.com\/wp-content\/uploads\/2022\/12\/Confesiones-1024x664.jpg 1024w, https:\/\/xn--iglesianocaimanuestraseora-3rc.com\/wp-content\/uploads\/2022\/12\/Confesiones-300x195.jpg 300w, https:\/\/xn--iglesianocaimanuestraseora-3rc.com\/wp-content\/uploads\/2022\/12\/Confesiones-768x498.jpg 768w, https:\/\/xn--iglesianocaimanuestraseora-3rc.com\/wp-content\/uploads\/2022\/12\/Confesiones.jpg 1280w\" sizes=\"100vw\" \/>\t\t\t\t\t\t\t\t\t\t\t\t\t\t\t<\/div>\n\t\t\t\t<\/div>\n\t\t\t\t\t<\/div>\n\t\t<\/div>\n\t\t\t\t<div class=\"elementor-column elementor-col-50 elementor-top-column elementor-element elementor-element-b7ce718\" data-id=\"b7ce718\" data-element_type=\"column\" data-e-type=\"column\">\n\t\t\t<div class=\"elementor-widget-wrap elementor-element-populated\">\n\t\t\t\t\t\t<div class=\"elementor-element elementor-element-59e2b5a elementor-widget elementor-widget-heading\" data-id=\"59e2b5a\" data-element_type=\"widget\" data-e-type=\"widget\" data-widget_type=\"heading.default\">\n\t\t\t\t<div class=\"elementor-widget-container\">\n\t\t\t\t\t<h2 class=\"elementor-heading-title elementor-size-default\">CONFESIONES<\/h2>\t\t\t\t<\/div>\n\t\t\t\t<\/div>\n\t\t\t\t<div class=\"elementor-element elementor-element-2ecb017 elementor-widget elementor-widget-text-editor\" data-id=\"2ecb017\" data-element_type=\"widget\" data-e-type=\"widget\" data-widget_type=\"text-editor.default\">\n\t\t\t\t<div class=\"elementor-widget-container\">\n\t\t\t\t\t\t\t\t\t<p>Todos los jueves de 3:00pm a 5:00 pm.<span style=\"color: #000000;\"><span style=\"color: #000000;\"><b>\u00a0<br \/><a href=\"https:\/\/www.aciprensa.com\/moral\/sacramentos.htm\">Preguntas Frecuentes<\/a><\/b><\/span><\/span><\/p>\t\t\t\t\t\t\t\t<\/div>\n\t\t\t\t<\/div>\n\t\t\t\t\t<\/div>\n\t\t<\/div>\n\t\t\t\t\t<\/div>\n\t\t<\/section>\n\t\t\t\t<section class=\"elementor-section elementor-top-section elementor-element elementor-element-0cf53df elementor-section-boxed elementor-section-height-default elementor-section-height-default\" data-id=\"0cf53df\" data-element_type=\"section\" data-e-type=\"section\">\n\t\t\t\t\t\t<div class=\"elementor-container elementor-column-gap-default\">\n\t\t\t\t\t<div class=\"elementor-column elementor-col-100 elementor-top-column elementor-element elementor-element-ffadaa8\" data-id=\"ffadaa8\" data-element_type=\"column\" data-e-type=\"column\">\n\t\t\t<div class=\"elementor-widget-wrap elementor-element-populated\">\n\t\t\t\t\t\t<div class=\"elementor-element elementor-element-68dfb33 elementor-widget elementor-widget-spacer\" data-id=\"68dfb33\" data-element_type=\"widget\" data-e-type=\"widget\" data-widget_type=\"spacer.default\">\n\t\t\t\t<div class=\"elementor-widget-container\">\n\t\t\t\t\t\t\t<div class=\"elementor-spacer\">\n\t\t\t<div class=\"elementor-spacer-inner\"><\/div>\n\t\t<\/div>\n\t\t\t\t\t\t<\/div>\n\t\t\t\t<\/div>\n\t\t\t\t\t<\/div>\n\t\t<\/div>\n\t\t\t\t\t<\/div>\n\t\t<\/section>\n\t\t\t\t<section class=\"elementor-section elementor-top-section elementor-element elementor-element-49fb39f elementor-section-boxed elementor-section-height-default elementor-section-height-default\" data-id=\"49fb39f\" data-element_type=\"section\" data-e-type=\"section\">\n\t\t\t\t\t\t<div class=\"elementor-container elementor-column-gap-default\">\n\t\t\t\t\t<div class=\"elementor-column elementor-col-50 elementor-top-column elementor-element elementor-element-5f1d56b\" data-id=\"5f1d56b\" data-element_type=\"column\" data-e-type=\"column\">\n\t\t\t<div class=\"elementor-widget-wrap elementor-element-populated\">\n\t\t\t\t\t\t<div class=\"elementor-element elementor-element-a6c77b6 elementor-widget elementor-widget-heading\" data-id=\"a6c77b6\" data-element_type=\"widget\" data-e-type=\"widget\" data-widget_type=\"heading.default\">\n\t\t\t\t<div class=\"elementor-widget-container\">\n\t\t\t\t\t<h2 class=\"elementor-heading-title elementor-size-default\">MATRIMONIO<\/h2>\t\t\t\t<\/div>\n\t\t\t\t<\/div>\n\t\t\t\t<div class=\"elementor-element elementor-element-df96d24 elementor-widget elementor-widget-text-editor\" data-id=\"df96d24\" data-element_type=\"widget\" data-e-type=\"widget\" data-widget_type=\"text-editor.default\">\n\t\t\t\t<div class=\"elementor-widget-container\">\n\t\t\t\t\t\t\t\t\t<p><span style=\"color: #000000;\"><b>Celebraci\u00f3n<\/b><\/span><strong><span style=\"color: #000000;\">\u00a0:<\/span>\u00a0<\/strong> Acuerdo con el sacerdote.<br \/><span style=\"color: #000000;\"><b>Preparaci\u00f3n\u00a0:<\/b><\/span>\u00a0Ultimo s\u00e1bado de mes a las 10:00 am<br \/><span style=\"color: #000000;\"><b>Costo :<\/b><\/span> Mirar Arancel.<span style=\"color: #000000;\"><span style=\"color: #000000;\"><b>\u00a0<br \/><a href=\"https:\/\/www.aciprensa.com\/moral\/sacramentos.htm\">Preguntas Frecuentes<\/a><\/b><\/span><\/span><\/p>\t\t\t\t\t\t\t\t<\/div>\n\t\t\t\t<\/div>\n\t\t\t\t\t<\/div>\n\t\t<\/div>\n\t\t\t\t<div class=\"elementor-column elementor-col-50 elementor-top-column elementor-element elementor-element-f6237f1\" data-id=\"f6237f1\" data-element_type=\"column\" data-e-type=\"column\">\n\t\t\t<div class=\"elementor-widget-wrap elementor-element-populated\">\n\t\t\t\t\t\t<div class=\"elementor-element elementor-element-24c7589 elementor-widget elementor-widget-image\" data-id=\"24c7589\" data-element_type=\"widget\" data-e-type=\"widget\" data-widget_type=\"image.default\">\n\t\t\t\t<div class=\"elementor-widget-container\">\n\t\t\t\t\t\t\t\t\t\t\t\t\t\t\t<img loading=\"lazy\" decoding=\"async\" width=\"950\" height=\"594\" src=\"https:\/\/xn--iglesianocaimanuestraseora-3rc.com\/wp-content\/uploads\/2023\/01\/Matrimonio-1024x640.png\" class=\"attachment-large size-large wp-image-676\" alt=\"\" srcset=\"https:\/\/xn--iglesianocaimanuestraseora-3rc.com\/wp-content\/uploads\/2023\/01\/Matrimonio-1024x640.png 1024w, https:\/\/xn--iglesianocaimanuestraseora-3rc.com\/wp-content\/uploads\/2023\/01\/Matrimonio-300x188.png 300w, https:\/\/xn--iglesianocaimanuestraseora-3rc.com\/wp-content\/uploads\/2023\/01\/Matrimonio-768x480.png 768w, https:\/\/xn--iglesianocaimanuestraseora-3rc.com\/wp-content\/uploads\/2023\/01\/Matrimonio-1536x960.png 1536w, https:\/\/xn--iglesianocaimanuestraseora-3rc.com\/wp-content\/uploads\/2023\/01\/Matrimonio.png 1920w\" sizes=\"100vw\" \/>\t\t\t\t\t\t\t\t\t\t\t\t\t\t\t<\/div>\n\t\t\t\t<\/div>\n\t\t\t\t\t<\/div>\n\t\t<\/div>\n\t\t\t\t\t<\/div>\n\t\t<\/section>\n\t\t\t\t<section class=\"elementor-section elementor-top-section elementor-element elementor-element-5ac6773 elementor-section-boxed elementor-section-height-default elementor-section-height-default\" data-id=\"5ac6773\" data-element_type=\"section\" data-e-type=\"section\">\n\t\t\t\t\t\t<div class=\"elementor-container elementor-column-gap-default\">\n\t\t\t\t\t<div class=\"elementor-column elementor-col-100 elementor-top-column elementor-element elementor-element-ade884e\" data-id=\"ade884e\" data-element_type=\"column\" data-e-type=\"column\">\n\t\t\t<div class=\"elementor-widget-wrap elementor-element-populated\">\n\t\t\t\t\t\t<div class=\"elementor-element elementor-element-8b86a2f elementor-widget elementor-widget-spacer\" data-id=\"8b86a2f\" data-element_type=\"widget\" data-e-type=\"widget\" data-widget_type=\"spacer.default\">\n\t\t\t\t<div class=\"elementor-widget-container\">\n\t\t\t\t\t\t\t<div class=\"elementor-spacer\">\n\t\t\t<div class=\"elementor-spacer-inner\"><\/div>\n\t\t<\/div>\n\t\t\t\t\t\t<\/div>\n\t\t\t\t<\/div>\n\t\t\t\t\t<\/div>\n\t\t<\/div>\n\t\t\t\t\t<\/div>\n\t\t<\/section>\n\t\t\t\t<\/div>\n\t\t","protected":false},"excerpt":{"rendered":"<p>BAUTISMO Celebraci\u00f3n&nbsp;:&nbsp;&nbsp;Primer s\u00e1bado de mes a las 10:00 amPreparaci\u00f3n&nbsp;:&nbsp;Ultimo s\u00e1bado de mes a las 10:00 amInscripci\u00f3n:&nbsp;Preguntas Frecuentes https:\/\/www.youtube.com\/watch?v=0rvuJuWhJdg&#038;ab_channel=AlexanderCadena PRIMERA COMUNI\u00d3N Catequesis\u00a0:\u00a0 Primer y tercer domingo de cada mes de las 10:00 am a 1:00 pmPreparaci\u00f3n\u00a0: $65.000Actualmente : mas de 250 ni\u00f1os y j\u00f3venesPreguntas Frecuentes CONFIRMACI\u00d3N Catequesis\u00a0:\u00a0 Segundo y cuarto domingo de cada mes de\u00a0 10:00 &hellip; <\/p>\n<p class=\"link-more\"><a href=\"https:\/\/xn--iglesianocaimanuestraseora-3rc.com\/index.php\/sacramentos\/\" class=\"more-link\">Leer m\u00e1s<span class=\"screen-reader-text\"> \u00abSacramentos\u00bb<\/span><\/a><\/p>\n","protected":false},"author":1,"featured_media":0,"parent":0,"menu_order":0,"comment_status":"closed","ping_status":"closed","template":"","meta":{"inspiro_hide_title":false,"footnotes":""},"class_list":["post-657","page","type-page","status-publish","hentry"],"_links":{"self":[{"href":"https:\/\/xn--iglesianocaimanuestraseora-3rc.com\/index.php\/wp-json\/wp\/v2\/pages\/657","targetHints":{"allow":["GET"]}}],"collection":[{"href":"https:\/\/xn--iglesianocaimanuestraseora-3rc.com\/index.php\/wp-json\/wp\/v2\/pages"}],"about":[{"href":"https:\/\/xn--iglesianocaimanuestraseora-3rc.com\/index.php\/wp-json\/wp\/v2\/types\/page"}],"author":[{"embeddable":true,"href":"https:\/\/xn--iglesianocaimanuestraseora-3rc.com\/index.php\/wp-json\/wp\/v2\/users\/1"}],"replies":[{"embeddable":true,"href":"https:\/\/xn--iglesianocaimanuestraseora-3rc.com\/index.php\/wp-json\/wp\/v2\/comments?post=657"}],"version-history":[{"count":25,"href":"https:\/\/xn--iglesianocaimanuestraseora-3rc.com\/index.php\/wp-json\/wp\/v2\/pages\/657\/revisions"}],"predecessor-version":[{"id":1680,"href":"https:\/\/xn--iglesianocaimanuestraseora-3rc.com\/index.php\/wp-json\/wp\/v2\/pages\/657\/revisions\/1680"}],"wp:attachment":[{"href":"https:\/\/xn--iglesianocaimanuestraseora-3rc.com\/index.php\/wp-json\/wp\/v2\/media?parent=657"}],"curies":[{"name":"wp","href":"https:\/\/api.w.org\/{rel}","templated":true}]}}