{"id":516,"date":"2023-01-15T18:00:53","date_gmt":"2023-01-15T18:00:53","guid":{"rendered":"https:\/\/xn--iglesianocaimanuestraseora-3rc.com\/?page_id=516"},"modified":"2023-01-15T23:02:41","modified_gmt":"2023-01-15T23:02:41","slug":"nosotros","status":"publish","type":"page","link":"https:\/\/xn--iglesianocaimanuestraseora-3rc.com\/index.php\/nosotros\/","title":{"rendered":"Nosotros"},"content":{"rendered":"\t\t<div data-elementor-type=\"wp-page\" data-elementor-id=\"516\" class=\"elementor elementor-516\">\n\t\t\t\t\t\t<section class=\"elementor-section elementor-top-section elementor-element elementor-element-7ea7d3a elementor-section-boxed elementor-section-height-default elementor-section-height-default\" data-id=\"7ea7d3a\" data-element_type=\"section\" data-e-type=\"section\">\n\t\t\t\t\t\t<div class=\"elementor-container elementor-column-gap-default\">\n\t\t\t\t\t<div class=\"elementor-column elementor-col-100 elementor-top-column elementor-element elementor-element-b2ed778\" data-id=\"b2ed778\" data-element_type=\"column\" data-e-type=\"column\">\n\t\t\t<div class=\"elementor-widget-wrap elementor-element-populated\">\n\t\t\t\t\t\t<div class=\"elementor-element elementor-element-565243f elementor-widget elementor-widget-heading\" data-id=\"565243f\" data-element_type=\"widget\" data-e-type=\"widget\" data-widget_type=\"heading.default\">\n\t\t\t\t<div class=\"elementor-widget-container\">\n\t\t\t\t\t<h2 class=\"elementor-heading-title elementor-size-default\">Misi\u00f3n<\/h2>\t\t\t\t<\/div>\n\t\t\t\t<\/div>\n\t\t\t\t<div class=\"elementor-element elementor-element-d4bff12 elementor-widget elementor-widget-text-editor\" data-id=\"d4bff12\" data-element_type=\"widget\" data-e-type=\"widget\" data-widget_type=\"text-editor.default\">\n\t\t\t\t<div class=\"elementor-widget-container\">\n\t\t\t\t\t\t\t\t\t<p>La misi\u00f3n parroquial es un proceso pastoral extraordinario de encuentro con Cristo y renovaci\u00f3n de las comunidades de fe (Veredas y sectores). Una ayuda para la pastoral ordinaria que la Iglesia diocesana desarrolla.<\/p><p>Los objetivos generales de la Misi\u00f3n son:<\/p><p>1. Revitalizar comunidades cristianas para que vivan el seguimiento y anuncio de Jesucristo: \u201cser\u00e1 tarea de los pastores mantener viva esta din\u00e1mica (misionera), para que cada bautizado se considere un protagonista activo de la evangelizaci\u00f3n\u201d.<\/p><p>2. Fortalecer las cinco dimensiones de la pastoral cristiana: la comuni\u00f3n, la formaci\u00f3n, la liturgia, la caridad y la misi\u00f3n.<\/p><p>Busca responder mejor a la situaci\u00f3n y el contexto -Veredas \/ sectores. Consta de 5 etapas. La presencia del padre y pastoral social intermitente se adec\u00faa a las circunstancias y necesidades locales.\u00a0<\/p><p><span style=\"color: #000000;\"><strong>1. Organizaci\u00f3n: <\/strong><\/span>Es la etapa inicial de presentaci\u00f3n y dise\u00f1o de la Misi\u00f3n. El objetivo es crear poco a poco un \u201cequipo dinamizador de la misi\u00f3n\u201d en la Parroquia que acompa\u00f1e al p\u00e1rroco en la tarea evangelizadora.<\/p><p><span style=\"color: #000000;\"><strong>2. Revitalizaci\u00f3n:<\/strong> <\/span>Es la segunda fase, donde adem\u00e1s de organizar y planear la misi\u00f3n, se busca regalar al Equipo misionero parroquial y a sus pastores y laicos colaboradores una fuerte experiencia de fe que les anime a la misi\u00f3n, que les entusiasme<\/p><p><span style=\"color: #000000;\"><strong>3. En salida:<\/strong><\/span> En esta etapa hay un objetivo claro: la propaganda y difusi\u00f3n de la misi\u00f3n, que llega incluso a formular propuestas para llegar a \u201clos alejados\u201d de nuestra comunidad.<\/p><p><span style=\"color: #000000;\"><strong>4. Siembra:<\/strong><\/span>\u00a0En esta cuarta etapa, regresamos al templo y siendo \u201cIglesia de puertas abiertas\u201d invitamos a todos a escuchar la Palabra que nos da vida y sentido.<\/p><p><strong><span style=\"color: #000000;\">5. Crecimiento<\/span>:<\/strong> Es la etapa posterior a la misi\u00f3n. Los misioneros ofrecemos apoyo y materiales a las comunidades, por si lo necesitan. Para que no se pierda tanto bueno sembrado. Como dice el Evangelio: \u201cOtras semillas cayeron en tierra buena y dieron fruto, una ciento, otra sesenta, otra treinta. El que tenga o\u00eddos, que oiga\u201d (Mt 13, 8).<\/p>\t\t\t\t\t\t\t\t<\/div>\n\t\t\t\t<\/div>\n\t\t\t\t<div class=\"elementor-element elementor-element-09733d8 elementor-widget elementor-widget-heading\" data-id=\"09733d8\" data-element_type=\"widget\" data-e-type=\"widget\" data-widget_type=\"heading.default\">\n\t\t\t\t<div class=\"elementor-widget-container\">\n\t\t\t\t\t<h2 class=\"elementor-heading-title elementor-size-default\">Visi\u00f3n<\/h2>\t\t\t\t<\/div>\n\t\t\t\t<\/div>\n\t\t\t\t<div class=\"elementor-element elementor-element-c01ca58 elementor-widget elementor-widget-text-editor\" data-id=\"c01ca58\" data-element_type=\"widget\" data-e-type=\"widget\" data-widget_type=\"text-editor.default\">\n\t\t\t\t<div class=\"elementor-widget-container\">\n\t\t\t\t\t\t\t\t\t<p>So\u00f1amos nuestra parroquia y diocesis de facatativa enamorada de Cristo y llena del ardor misionero, que escucha, acompa\u00f1a y promueve sinodalmente a todos, especialmente a las familias, los jovenes,\u00a0los ni\u00f1os y los que sufren, para anunciar a Jesucristo y ser signo del Reino de Dios.<\/p>\t\t\t\t\t\t\t\t<\/div>\n\t\t\t\t<\/div>\n\t\t\t\t<div class=\"elementor-element elementor-element-0270b3d elementor-widget elementor-widget-spacer\" data-id=\"0270b3d\" data-element_type=\"widget\" data-e-type=\"widget\" data-widget_type=\"spacer.default\">\n\t\t\t\t<div class=\"elementor-widget-container\">\n\t\t\t\t\t\t\t<div class=\"elementor-spacer\">\n\t\t\t<div class=\"elementor-spacer-inner\"><\/div>\n\t\t<\/div>\n\t\t\t\t\t\t<\/div>\n\t\t\t\t<\/div>\n\t\t\t\t\t<\/div>\n\t\t<\/div>\n\t\t\t\t\t<\/div>\n\t\t<\/section>\n\t\t\t\t<\/div>\n\t\t","protected":false},"excerpt":{"rendered":"<p>Misi\u00f3n La misi\u00f3n parroquial es un proceso pastoral extraordinario de encuentro con Cristo y renovaci\u00f3n de las comunidades de fe (Veredas y sectores). Una ayuda para la pastoral ordinaria que la Iglesia diocesana desarrolla. Los objetivos generales de la Misi\u00f3n son: 1. Revitalizar comunidades cristianas para que vivan el seguimiento y anuncio de Jesucristo: \u201cser\u00e1 &hellip; <\/p>\n<p class=\"link-more\"><a href=\"https:\/\/xn--iglesianocaimanuestraseora-3rc.com\/index.php\/nosotros\/\" class=\"more-link\">Leer m\u00e1s<span class=\"screen-reader-text\"> \u00abNosotros\u00bb<\/span><\/a><\/p>\n","protected":false},"author":1,"featured_media":0,"parent":0,"menu_order":0,"comment_status":"closed","ping_status":"closed","template":"","meta":{"inspiro_hide_title":false,"footnotes":""},"class_list":["post-516","page","type-page","status-publish","hentry"],"_links":{"self":[{"href":"https:\/\/xn--iglesianocaimanuestraseora-3rc.com\/index.php\/wp-json\/wp\/v2\/pages\/516","targetHints":{"allow":["GET"]}}],"collection":[{"href":"https:\/\/xn--iglesianocaimanuestraseora-3rc.com\/index.php\/wp-json\/wp\/v2\/pages"}],"about":[{"href":"https:\/\/xn--iglesianocaimanuestraseora-3rc.com\/index.php\/wp-json\/wp\/v2\/types\/page"}],"author":[{"embeddable":true,"href":"https:\/\/xn--iglesianocaimanuestraseora-3rc.com\/index.php\/wp-json\/wp\/v2\/users\/1"}],"replies":[{"embeddable":true,"href":"https:\/\/xn--iglesianocaimanuestraseora-3rc.com\/index.php\/wp-json\/wp\/v2\/comments?post=516"}],"version-history":[{"count":25,"href":"https:\/\/xn--iglesianocaimanuestraseora-3rc.com\/index.php\/wp-json\/wp\/v2\/pages\/516\/revisions"}],"predecessor-version":[{"id":566,"href":"https:\/\/xn--iglesianocaimanuestraseora-3rc.com\/index.php\/wp-json\/wp\/v2\/pages\/516\/revisions\/566"}],"wp:attachment":[{"href":"https:\/\/xn--iglesianocaimanuestraseora-3rc.com\/index.php\/wp-json\/wp\/v2\/media?parent=516"}],"curies":[{"name":"wp","href":"https:\/\/api.w.org\/{rel}","templated":true}]}}